{"id":1866,"date":"2020-06-04T14:07:11","date_gmt":"2020-06-04T11:07:11","guid":{"rendered":"https:\/\/www.rgaistanbul.com\/%d0%b8%d0%bd%d1%81%d1%82%d1%80%d1%83%d0%ba%d1%82%d0%be%d1%80%d1%8b\/"},"modified":"2022-10-11T14:36:01","modified_gmt":"2022-10-11T11:36:01","slug":"%d0%b8%d0%bd%d1%81%d1%82%d1%80%d1%83%d0%ba%d1%82%d0%be%d1%80%d1%8b","status":"publish","type":"page","link":"https:\/\/www.rgaistanbul.com\/ru\/%d0%b8%d0%bd%d1%81%d1%82%d1%80%d1%83%d0%ba%d1%82%d0%be%d1%80%d1%8b\/","title":{"rendered":"\u0438\u043d\u0441\u0442\u0440\u0443\u043a\u0442\u043e\u0440\u044b"},"content":{"rendered":"\t\t<div data-elementor-type=\"wp-page\" data-elementor-id=\"1866\" class=\"elementor elementor-1866 elementor-391\">\n\t\t\t\t\t\t\t\t\t<section class=\"elementor-section elementor-top-section elementor-element elementor-element-2f84ef40 elementor-section-full_width elementor-section-height-default elementor-section-height-default parallax_section_no qode_elementor_container_no\" data-id=\"2f84ef40\" data-element_type=\"section\" data-settings=\"{&quot;background_background&quot;:&quot;classic&quot;}\">\n\t\t\t\t\t\t<div class=\"elementor-container elementor-column-gap-default\">\n\t\t\t\t\t<div class=\"elementor-column elementor-col-100 elementor-top-column elementor-element elementor-element-55596fa4\" data-id=\"55596fa4\" data-element_type=\"column\">\n\t\t\t<div class=\"elementor-widget-wrap elementor-element-populated\">\n\t\t\t\t\t\t\t\t<section class=\"elementor-section elementor-inner-section elementor-element elementor-element-65bca2c4 elementor-section-full_width qode_elementor_container_inner elementor-section-height-default elementor-section-height-default parallax_section_no\" data-id=\"65bca2c4\" data-element_type=\"section\">\n\t\t\t\t\t\t<div class=\"elementor-container elementor-column-gap-no\">\n\t\t\t\t\t<div class=\"elementor-column elementor-col-100 elementor-inner-column elementor-element elementor-element-1b9a8b38\" data-id=\"1b9a8b38\" data-element_type=\"column\">\n\t\t\t<div class=\"elementor-widget-wrap elementor-element-populated\">\n\t\t\t\t\t\t\t\t<div class=\"elementor-element elementor-element-832d96a elementor-widget elementor-widget-text-editor\" data-id=\"832d96a\" data-element_type=\"widget\" data-widget_type=\"text-editor.default\">\n\t\t\t\t<div class=\"elementor-widget-container\">\n\t\t\t<style>\/*! elementor - v3.6.7 - 03-07-2022 *\/\n.elementor-widget-text-editor.elementor-drop-cap-view-stacked .elementor-drop-cap{background-color:#818a91;color:#fff}.elementor-widget-text-editor.elementor-drop-cap-view-framed .elementor-drop-cap{color:#818a91;border:3px solid;background-color:transparent}.elementor-widget-text-editor:not(.elementor-drop-cap-view-default) .elementor-drop-cap{margin-top:8px}.elementor-widget-text-editor:not(.elementor-drop-cap-view-default) .elementor-drop-cap-letter{width:1em;height:1em}.elementor-widget-text-editor .elementor-drop-cap{float:left;text-align:center;line-height:1;font-size:50px}.elementor-widget-text-editor .elementor-drop-cap-letter{display:inline-block}<\/style>\t\t\t\t<h6 style=\"text-align: center;\">online courses<\/h6>\t\t\t\t\t\t<\/div>\n\t\t\t\t<\/div>\n\t\t\t\t<div class=\"elementor-element elementor-element-76477eec elementor-widget elementor-widget-text-editor\" data-id=\"76477eec\" data-element_type=\"widget\" data-widget_type=\"text-editor.default\">\n\t\t\t\t<div class=\"elementor-widget-container\">\n\t\t\t\t\t\t\t<h2 style=\"text-align: center;\">Best tutors you can find<\/h2>\t\t\t\t\t\t<\/div>\n\t\t\t\t<\/div>\n\t\t\t\t<div class=\"elementor-element elementor-element-69c33462 elementor-widget elementor-widget-text-editor\" data-id=\"69c33462\" data-element_type=\"widget\" data-widget_type=\"text-editor.default\">\n\t\t\t\t<div class=\"elementor-widget-container\">\n\t\t\t\t\t\t\t<h5 style=\"text-align: center;\">Lorem ipsum dolor sit amet, consectetur adipisicing elit, sed do eiusmod tempor incididunt ut labore et dolore magna aliqua.<\/h5>\t\t\t\t\t\t<\/div>\n\t\t\t\t<\/div>\n\t\t\t\t\t<\/div>\n\t\t<\/div>\n\t\t\t\t\t\t\t<\/div>\n\t\t<\/section>\n\t\t\t\t<section class=\"elementor-section elementor-inner-section elementor-element elementor-element-97ff7f8 elementor-section-full_width qode_elementor_container_inner elementor-section-height-default elementor-section-height-default parallax_section_no\" data-id=\"97ff7f8\" data-element_type=\"section\">\n\t\t\t\t\t\t<div class=\"elementor-container elementor-column-gap-no\">\n\t\t\t\t\t<div class=\"elementor-column elementor-col-100 elementor-inner-column elementor-element elementor-element-170a4f1b\" data-id=\"170a4f1b\" data-element_type=\"column\">\n\t\t\t<div class=\"elementor-widget-wrap elementor-element-populated\">\n\t\t\t\t\t\t\t\t<div class=\"elementor-element elementor-element-71a74bd5 elementor-widget elementor-widget-bridge_instructor_list\" data-id=\"71a74bd5\" data-element_type=\"widget\" data-widget_type=\"bridge_instructor_list.default\">\n\t\t\t\t<div class=\"elementor-widget-container\">\n\t\t\t<div class=\"qode-instructor-list-holder qode-normal-space qode-tl-four-columns\">\n\t<div class=\"qode-tl-inner qode-outer-space\" data-number-of-items=\"4\" data-enable-navigation=\"no\" data-enable-pagination=\"no\">\n\t\t<div class=\"qode-instructor qode-item-space info-bellow\">\n\t<div class=\"qode-instructor-inner\">\n\t\t\t\t\t<div class=\"qode-instructor-image\">\n\t\t\t\t<a itemprop=\"url\" href=\"https:\/\/www.rgaistanbul.com\/ru\/instructor\/ebru-bektas\/\">\n\t\t\t\t\t<img width=\"150\" height=\"150\" src=\"https:\/\/www.rgaistanbul.com\/wp-content\/uploads\/2022\/03\/ebru-bektas-150x150.png\" class=\"attachment-thumbnail size-thumbnail wp-post-image\" alt=\"\" loading=\"lazy\" srcset=\"https:\/\/www.rgaistanbul.com\/wp-content\/uploads\/2022\/03\/ebru-bektas-150x150.png 150w, https:\/\/www.rgaistanbul.com\/wp-content\/uploads\/2022\/03\/ebru-bektas-100x100.png 100w, https:\/\/www.rgaistanbul.com\/wp-content\/uploads\/2022\/03\/ebru-bektas.png 180w\" sizes=\"(max-width: 150px) 100vw, 150px\" \/>\t\t\t\t<\/a>\n\t\t\t<\/div>\n\t\t\t\t<div class=\"qode-instructor-info\">\n\t\t\t<div class=\"qode-instructor-title-holder\">\n\t\t\t\t<h4 itemprop=\"name\" class=\"qode-instructor-name entry-title\">\n\t\t\t\t\t<a itemprop=\"url\" href=\"https:\/\/www.rgaistanbul.com\/ru\/instructor\/ebru-bektas\/\">Ebru Bekta\u015f<\/a>\n\t\t\t\t<\/h4>\n\t\t\t\t\n\t\t\t\t\t\t\t\t\t<h6 class=\"qode-instructor-position\">\u0442\u0440\u0435\u043d\u0435\u0440 \u043f\u043e \u0434\u0437\u044e\u0434\u043e<\/h6>\n\t\t\t\t\t\t\t<\/div>\n\t\t\t\t\t\t\t<div class=\"qode-instructor-text\">\n\t\t\t\t\t<div class=\"qode-instructor-text-inner\">\n\t\t\t\t\t\t<div class=\"qode-instructor-description\">\n\t\t\t\t\t\t\t<p itemprop=\"description\" class=\"qode-instructor-excerpt\">\u0412 2016 \u0433\u043e\u0434\u0443 \u0421\u0430\u043c\u0441\u0443\u043d\u0441\u043a\u0438\u0439 \u0443\u043d\u0438\u0432\u0435\u0440\u0441\u0438\u0442\u0435\u0442 19 \u043c\u0430\u044f, \u0444\u0430\u043a\u0443\u043b\u044c\u0442\u0435\u0442 \u0441\u043f\u043e\u0440\u0442\u0438\u0432\u043d\u044b\u0445 \u043d\u0430\u0443\u043a, \u0442\u0440\u0435\u043d\u0435\u0440\u0441\u043a\u0430\u044f \u043f\u043e\u0434\u0433\u043e\u0442\u043e\u0432\u043a\u0430&#8230;<\/p>\n\t\t\t\t\t\t<\/div>\n\t\t\t\t\t<\/div>\n\t\t\t\t<\/div>\n\t\t\t\t\t\t<div class=\"qode-instructor-social-holder-between\">\n\t\t\t\t<div class=\"qode-instructor-social\">\n\t\t\t\t\t<div class=\"qode-instructor-social-inner\">\n\t\t\t\t\t\t<div class=\"qode-instructor-social-wrapp\">\n\t\t\t\t\t\t\t\t\t\t\t\t\t<\/div>\n\t\t\t\t\t<\/div>\n\t\t\t\t<\/div>\n\t\t\t<\/div>\n\t\t<\/div>\n\t<\/div>\n<\/div><div class=\"qode-instructor qode-item-space info-bellow\">\n\t<div class=\"qode-instructor-inner\">\n\t\t\t\t\t<div class=\"qode-instructor-image\">\n\t\t\t\t<a itemprop=\"url\" href=\"https:\/\/www.rgaistanbul.com\/ru\/instructor\/kerem-dincer\/\">\n\t\t\t\t\t<img width=\"150\" height=\"150\" src=\"https:\/\/www.rgaistanbul.com\/wp-content\/uploads\/2022\/03\/muay-thai-kerem-dincer-150x150.png\" class=\"attachment-thumbnail size-thumbnail wp-post-image\" alt=\"\" loading=\"lazy\" srcset=\"https:\/\/www.rgaistanbul.com\/wp-content\/uploads\/2022\/03\/muay-thai-kerem-dincer-150x150.png 150w, https:\/\/www.rgaistanbul.com\/wp-content\/uploads\/2022\/03\/muay-thai-kerem-dincer-100x100.png 100w, https:\/\/www.rgaistanbul.com\/wp-content\/uploads\/2022\/03\/muay-thai-kerem-dincer.png 180w\" sizes=\"(max-width: 150px) 100vw, 150px\" \/>\t\t\t\t<\/a>\n\t\t\t<\/div>\n\t\t\t\t<div class=\"qode-instructor-info\">\n\t\t\t<div class=\"qode-instructor-title-holder\">\n\t\t\t\t<h4 itemprop=\"name\" class=\"qode-instructor-name entry-title\">\n\t\t\t\t\t<a itemprop=\"url\" href=\"https:\/\/www.rgaistanbul.com\/ru\/instructor\/kerem-dincer\/\">Kerem Din\u00e7er<\/a>\n\t\t\t\t<\/h4>\n\t\t\t\t\n\t\t\t\t\t\t\t\t\t<h6 class=\"qode-instructor-position\">\u0422\u0440\u0435\u043d\u0435\u0440 \u043f\u043e \u0442\u0430\u0439\u0441\u043a\u043e\u043c\u0443 \u0431\u043e\u043a\u0441\u0443<\/h6>\n\t\t\t\t\t\t\t<\/div>\n\t\t\t\t\t\t\t<div class=\"qode-instructor-text\">\n\t\t\t\t\t<div class=\"qode-instructor-text-inner\">\n\t\t\t\t\t\t<div class=\"qode-instructor-description\">\n\t\t\t\t\t\t\t<p itemprop=\"description\" class=\"qode-instructor-excerpt\">\u041e\u043d \u043c\u043d\u043e\u0433\u043e \u0440\u0430\u0437 \u0431\u044b\u043b \u0438\u0433\u0440\u043e\u043a\u043e\u043c \u043d\u0430\u0446\u0438\u043e\u043d\u0430\u043b\u044c\u043d\u043e\u0439 \u0441\u0431\u043e\u0440\u043d\u043e\u0439 \u043f\u043e \u0442\u0430\u0439\u0441\u043a\u043e\u043c\u0443 \u0431\u043e\u043a\u0441\u0443 \u0438 \u0432 \u043d\u0430\u0441\u0442\u043e\u044f\u0449\u0435\u0435 \u0432\u0440\u0435\u043c\u044f \u044f\u0432\u043b\u044f\u0435\u0442\u0441\u044f \u0442\u0440\u0435\u043d\u0435\u0440\u043e\u043c \u043d\u0430\u0446\u0438\u043e\u043d\u0430\u043b\u044c\u043d\u043e\u0439 \u0441\u0431\u043e\u0440\u043d\u043e\u0439.<\/p>\n\t\t\t\t\t\t<\/div>\n\t\t\t\t\t<\/div>\n\t\t\t\t<\/div>\n\t\t\t\t\t\t<div class=\"qode-instructor-social-holder-between\">\n\t\t\t\t<div class=\"qode-instructor-social\">\n\t\t\t\t\t<div class=\"qode-instructor-social-inner\">\n\t\t\t\t\t\t<div class=\"qode-instructor-social-wrapp\">\n\t\t\t\t\t\t\t\t\t\t\t\t\t<\/div>\n\t\t\t\t\t<\/div>\n\t\t\t\t<\/div>\n\t\t\t<\/div>\n\t\t<\/div>\n\t<\/div>\n<\/div><div class=\"qode-instructor qode-item-space info-bellow\">\n\t<div class=\"qode-instructor-inner\">\n\t\t\t\t\t<div class=\"qode-instructor-image\">\n\t\t\t\t<a itemprop=\"url\" href=\"https:\/\/www.rgaistanbul.com\/ru\/instructor\/murat-bektas\/\">\n\t\t\t\t\t<img width=\"150\" height=\"150\" src=\"https:\/\/www.rgaistanbul.com\/wp-content\/uploads\/2022\/03\/judo-murat-bektas-150x150.png\" class=\"attachment-thumbnail size-thumbnail wp-post-image\" alt=\"\" loading=\"lazy\" srcset=\"https:\/\/www.rgaistanbul.com\/wp-content\/uploads\/2022\/03\/judo-murat-bektas-150x150.png 150w, https:\/\/www.rgaistanbul.com\/wp-content\/uploads\/2022\/03\/judo-murat-bektas-100x100.png 100w, https:\/\/www.rgaistanbul.com\/wp-content\/uploads\/2022\/03\/judo-murat-bektas.png 180w\" sizes=\"(max-width: 150px) 100vw, 150px\" \/>\t\t\t\t<\/a>\n\t\t\t<\/div>\n\t\t\t\t<div class=\"qode-instructor-info\">\n\t\t\t<div class=\"qode-instructor-title-holder\">\n\t\t\t\t<h4 itemprop=\"name\" class=\"qode-instructor-name entry-title\">\n\t\t\t\t\t<a itemprop=\"url\" href=\"https:\/\/www.rgaistanbul.com\/ru\/instructor\/murat-bektas\/\">Murat Bekta\u015f<\/a>\n\t\t\t\t<\/h4>\n\t\t\t\t\n\t\t\t\t\t\t\t\t\t<h6 class=\"qode-instructor-position\">\u0442\u0440\u0435\u043d\u0435\u0440 \u043f\u043e \u0434\u0437\u044e\u0434\u043e<\/h6>\n\t\t\t\t\t\t\t<\/div>\n\t\t\t\t\t\t\t<div class=\"qode-instructor-text\">\n\t\t\t\t\t<div class=\"qode-instructor-text-inner\">\n\t\t\t\t\t\t<div class=\"qode-instructor-description\">\n\t\t\t\t\t\t\t<p itemprop=\"description\" class=\"qode-instructor-excerpt\">\u041d\u0430\u0447\u0430\u043b \u0437\u0430\u043d\u0438\u043c\u0430\u0442\u044c\u0441\u044f \u0434\u0437\u044e\u0434\u043e \u0432 2004 \u0433\u043e\u0434\u0443 \u0432 \u0411\u0430\u043b\u044b\u043a\u0435\u0441\u0438\u0440\u0435. \u0413\u0430\u043b\u0430\u0442\u0430\u0441\u0430\u0440\u0430\u0439 \u0432 2013-2014&#8230;<\/p>\n\t\t\t\t\t\t<\/div>\n\t\t\t\t\t<\/div>\n\t\t\t\t<\/div>\n\t\t\t\t\t\t<div class=\"qode-instructor-social-holder-between\">\n\t\t\t\t<div class=\"qode-instructor-social\">\n\t\t\t\t\t<div class=\"qode-instructor-social-inner\">\n\t\t\t\t\t\t<div class=\"qode-instructor-social-wrapp\">\n\t\t\t\t\t\t\t\t\t\t\t\t\t<\/div>\n\t\t\t\t\t<\/div>\n\t\t\t\t<\/div>\n\t\t\t<\/div>\n\t\t<\/div>\n\t<\/div>\n<\/div><div class=\"qode-instructor qode-item-space info-bellow\">\n\t<div class=\"qode-instructor-inner\">\n\t\t\t\t\t<div class=\"qode-instructor-image\">\n\t\t\t\t<a itemprop=\"url\" href=\"https:\/\/www.rgaistanbul.com\/ru\/instructor\/omer-guliyev\/\">\n\t\t\t\t\t<img width=\"150\" height=\"150\" src=\"https:\/\/www.rgaistanbul.com\/wp-content\/uploads\/2022\/04\/omer-guliyev-150x150.png\" class=\"attachment-thumbnail size-thumbnail wp-post-image\" alt=\"\" loading=\"lazy\" srcset=\"https:\/\/www.rgaistanbul.com\/wp-content\/uploads\/2022\/04\/omer-guliyev-150x150.png 150w, https:\/\/www.rgaistanbul.com\/wp-content\/uploads\/2022\/04\/omer-guliyev-100x100.png 100w, https:\/\/www.rgaistanbul.com\/wp-content\/uploads\/2022\/04\/omer-guliyev.png 180w\" sizes=\"(max-width: 150px) 100vw, 150px\" \/>\t\t\t\t<\/a>\n\t\t\t<\/div>\n\t\t\t\t<div class=\"qode-instructor-info\">\n\t\t\t<div class=\"qode-instructor-title-holder\">\n\t\t\t\t<h4 itemprop=\"name\" class=\"qode-instructor-name entry-title\">\n\t\t\t\t\t<a itemprop=\"url\" href=\"https:\/\/www.rgaistanbul.com\/ru\/instructor\/omer-guliyev\/\">\u00d6mer Guliyev<\/a>\n\t\t\t\t<\/h4>\n\t\t\t\t\n\t\t\t\t\t\t\t\t\t<h6 class=\"qode-instructor-position\">\u0422\u0440\u0435\u043d\u0435\u0440 \u043f\u043e \u0411\u0416\u0416 \u0438 \u0433\u0440\u044d\u043f\u043f\u043b\u0438\u043d\u0433\u0443<\/h6>\n\t\t\t\t\t\t\t<\/div>\n\t\t\t\t\t\t\t<div class=\"qode-instructor-text\">\n\t\t\t\t\t<div class=\"qode-instructor-text-inner\">\n\t\t\t\t\t\t<div class=\"qode-instructor-description\">\n\t\t\t\t\t\t\t<p itemprop=\"description\" class=\"qode-instructor-excerpt\">\u0441\u0442\u0430\u0440\u0448\u0438\u0439 \u0438\u043d\u0441\u0442\u0440\u0443\u043a\u0442\u043e\u0440 \u041e\u043c\u0435\u0440 \u0413\u0443\u043b\u0438\u0435\u0432; \u041e\u043d \u0435\u0434\u0438\u043d\u0441\u0442\u0432\u0435\u043d\u043d\u044b\u0439 \u043f\u0440\u0435\u0434\u0441\u0442\u0430\u0432\u0438\u0442\u0435\u043b\u044c \u0410\u043a\u0430\u0434\u0435\u043c\u0438\u0438 \u0420\u043e\u0434\u0436\u0435\u0440\u0430 \u0413\u0440\u0435\u0439\u0441\u0438 \u0432 \u0422\u0443\u0440\u0446\u0438\u0438.<\/p>\n\t\t\t\t\t\t<\/div>\n\t\t\t\t\t<\/div>\n\t\t\t\t<\/div>\n\t\t\t\t\t\t<div class=\"qode-instructor-social-holder-between\">\n\t\t\t\t<div class=\"qode-instructor-social\">\n\t\t\t\t\t<div class=\"qode-instructor-social-inner\">\n\t\t\t\t\t\t<div class=\"qode-instructor-social-wrapp\">\n\t\t\t\t\t\t\t\t\t\t\t\t\t<\/div>\n\t\t\t\t\t<\/div>\n\t\t\t\t<\/div>\n\t\t\t<\/div>\n\t\t<\/div>\n\t<\/div>\n<\/div><div class=\"qode-instructor qode-item-space info-bellow\">\n\t<div class=\"qode-instructor-inner\">\n\t\t\t\t\t<div class=\"qode-instructor-image\">\n\t\t\t\t<a itemprop=\"url\" href=\"https:\/\/www.rgaistanbul.com\/ru\/instructor\/roger-gracie\/\">\n\t\t\t\t\t<img width=\"150\" height=\"150\" src=\"https:\/\/www.rgaistanbul.com\/wp-content\/uploads\/2022\/04\/roger-gracie-portre-150x150.png\" class=\"attachment-thumbnail size-thumbnail wp-post-image\" alt=\"\" loading=\"lazy\" srcset=\"https:\/\/www.rgaistanbul.com\/wp-content\/uploads\/2022\/04\/roger-gracie-portre-150x150.png 150w, https:\/\/www.rgaistanbul.com\/wp-content\/uploads\/2022\/04\/roger-gracie-portre-100x100.png 100w, https:\/\/www.rgaistanbul.com\/wp-content\/uploads\/2022\/04\/roger-gracie-portre.png 180w\" sizes=\"(max-width: 150px) 100vw, 150px\" \/>\t\t\t\t<\/a>\n\t\t\t<\/div>\n\t\t\t\t<div class=\"qode-instructor-info\">\n\t\t\t<div class=\"qode-instructor-title-holder\">\n\t\t\t\t<h4 itemprop=\"name\" class=\"qode-instructor-name entry-title\">\n\t\t\t\t\t<a itemprop=\"url\" href=\"https:\/\/www.rgaistanbul.com\/ru\/instructor\/roger-gracie\/\">Roger Gracie<\/a>\n\t\t\t\t<\/h4>\n\t\t\t\t\n\t\t\t\t\t\t\t\t\t<h6 class=\"qode-instructor-position\">\u0422\u0440\u0435\u043d\u0435\u0440 \u043f\u043e \u0411\u0416\u0416<\/h6>\n\t\t\t\t\t\t\t<\/div>\n\t\t\t\t\t\t\t<div class=\"qode-instructor-text\">\n\t\t\t\t\t<div class=\"qode-instructor-text-inner\">\n\t\t\t\t\t\t<div class=\"qode-instructor-description\">\n\t\t\t\t\t\t\t<p itemprop=\"description\" class=\"qode-instructor-excerpt\">Roger Gracie, \u041e\u043d \u0431\u044b\u043b \u0434\u0435\u0441\u044f\u0442\u0438\u043a\u0440\u0430\u0442\u043d\u044b\u043c \u0447\u0435\u043c\u043f\u0438\u043e\u043d\u043e\u043c \u043c\u0438\u0440\u0430 \u043f\u043e \u0434\u0436\u0438\u0443-\u0434\u0436\u0438\u0442\u0441\u0443.<\/p>\n\t\t\t\t\t\t<\/div>\n\t\t\t\t\t<\/div>\n\t\t\t\t<\/div>\n\t\t\t\t\t\t<div class=\"qode-instructor-social-holder-between\">\n\t\t\t\t<div class=\"qode-instructor-social\">\n\t\t\t\t\t<div class=\"qode-instructor-social-inner\">\n\t\t\t\t\t\t<div class=\"qode-instructor-social-wrapp\">\n\t\t\t\t\t\t\t\t\t\t\t\t\t<\/div>\n\t\t\t\t\t<\/div>\n\t\t\t\t<\/div>\n\t\t\t<\/div>\n\t\t<\/div>\n\t<\/div>\n<\/div><div class=\"qode-instructor qode-item-space info-bellow\">\n\t<div class=\"qode-instructor-inner\">\n\t\t\t\t\t<div class=\"qode-instructor-image\">\n\t\t\t\t<a itemprop=\"url\" href=\"https:\/\/www.rgaistanbul.com\/ru\/instructor\/vitalii-sergeev\/\">\n\t\t\t\t\t<img width=\"150\" height=\"150\" src=\"https:\/\/www.rgaistanbul.com\/wp-content\/uploads\/2022\/10\/4537e749-c7d7-4bc5-b43a-0301dad4703c-150x150.jpg\" class=\"attachment-thumbnail size-thumbnail wp-post-image\" alt=\"\" loading=\"lazy\" srcset=\"https:\/\/www.rgaistanbul.com\/wp-content\/uploads\/2022\/10\/4537e749-c7d7-4bc5-b43a-0301dad4703c-150x150.jpg 150w, https:\/\/www.rgaistanbul.com\/wp-content\/uploads\/2022\/10\/4537e749-c7d7-4bc5-b43a-0301dad4703c-570x570.jpg 570w, https:\/\/www.rgaistanbul.com\/wp-content\/uploads\/2022\/10\/4537e749-c7d7-4bc5-b43a-0301dad4703c-500x500.jpg 500w, https:\/\/www.rgaistanbul.com\/wp-content\/uploads\/2022\/10\/4537e749-c7d7-4bc5-b43a-0301dad4703c-1000x1000.jpg 1000w, https:\/\/www.rgaistanbul.com\/wp-content\/uploads\/2022\/10\/4537e749-c7d7-4bc5-b43a-0301dad4703c-650x650.jpg 650w, https:\/\/www.rgaistanbul.com\/wp-content\/uploads\/2022\/10\/4537e749-c7d7-4bc5-b43a-0301dad4703c-300x300.jpg 300w, https:\/\/www.rgaistanbul.com\/wp-content\/uploads\/2022\/10\/4537e749-c7d7-4bc5-b43a-0301dad4703c-100x100.jpg 100w\" sizes=\"(max-width: 150px) 100vw, 150px\" \/>\t\t\t\t<\/a>\n\t\t\t<\/div>\n\t\t\t\t<div class=\"qode-instructor-info\">\n\t\t\t<div class=\"qode-instructor-title-holder\">\n\t\t\t\t<h4 itemprop=\"name\" class=\"qode-instructor-name entry-title\">\n\t\t\t\t\t<a itemprop=\"url\" href=\"https:\/\/www.rgaistanbul.com\/ru\/instructor\/vitalii-sergeev\/\">Sadi A\u00e7\u0131kal\u0131n<\/a>\n\t\t\t\t<\/h4>\n\t\t\t\t\n\t\t\t\t\t\t\t\t\t<h6 class=\"qode-instructor-position\">BJJ Antren\u00f6r\u00fc<\/h6>\n\t\t\t\t\t\t\t<\/div>\n\t\t\t\t\t\t\t<div class=\"qode-instructor-text\">\n\t\t\t\t\t<div class=\"qode-instructor-text-inner\">\n\t\t\t\t\t\t<div class=\"qode-instructor-description\">\n\t\t\t\t\t\t\t<p itemprop=\"description\" class=\"qode-instructor-excerpt\">BJJ Antren\u00f6r\u00fc Sadi A\u00e7\u0131kal\u0131n; Roger Gracie&#039;nin 2.seviye siyah ku\u015fa\u011f\u0131<\/p>\n\t\t\t\t\t\t<\/div>\n\t\t\t\t\t<\/div>\n\t\t\t\t<\/div>\n\t\t\t\t\t\t<div class=\"qode-instructor-social-holder-between\">\n\t\t\t\t<div class=\"qode-instructor-social\">\n\t\t\t\t\t<div class=\"qode-instructor-social-inner\">\n\t\t\t\t\t\t<div class=\"qode-instructor-social-wrapp\">\n\t\t\t\t\t\t\t\t\t\t\t\t\t<\/div>\n\t\t\t\t\t<\/div>\n\t\t\t\t<\/div>\n\t\t\t<\/div>\n\t\t<\/div>\n\t<\/div>\n<\/div>\t<\/div>\n<\/div>\t\t<\/div>\n\t\t\t\t<\/div>\n\t\t\t\t\t<\/div>\n\t\t<\/div>\n\t\t\t\t\t\t\t<\/div>\n\t\t<\/section>\n\t\t\t\t\t<\/div>\n\t\t<\/div>\n\t\t\t\t\t\t\t<\/div>\n\t\t<\/section>\n\t\t\t\t\t\t\t<\/div>\n\t\t","protected":false},"excerpt":{"rendered":"<p>[vc_row css_animation=&#187;&#187; row_type=&#187;row&#187; use_row_as_full_screen_section=&#187;no&#187; type=&#187;full_width&#187; angled_section=&#187;no&#187; text_align=&#187;left&#187; background_image_as_pattern=&#187;without_pattern&#187;][vc_column][vc_row_inner row_type=&#187;row&#187; type=&#187;grid&#187; text_align=&#187;left&#187; css_animation=&#187;&#187;][vc_column_inner][vc_empty_space height=&#187;10px&#187;][vc_text_separator title=&#187; \u0438\u043d\u0441\u0442\u0440\u0443\u043a\u0442\u043e\u0440\u044b &#187; border=&#187;no&#187; background_color=&#187;#d5000d&#187; title_color=&#187;#f4f4f4&#8243;][vc_empty_space height=&#187;100px&#187;][vc_empty_space height=&#187;100px&#187;][\/vc_column_inner][\/vc_row_inner][\/vc_column][\/vc_row]<\/p>\n","protected":false},"author":1,"featured_media":0,"parent":0,"menu_order":0,"comment_status":"closed","ping_status":"closed","template":"full_width.php","meta":[],"_links":{"self":[{"href":"https:\/\/www.rgaistanbul.com\/ru\/wp-json\/wp\/v2\/pages\/1866"}],"collection":[{"href":"https:\/\/www.rgaistanbul.com\/ru\/wp-json\/wp\/v2\/pages"}],"about":[{"href":"https:\/\/www.rgaistanbul.com\/ru\/wp-json\/wp\/v2\/types\/page"}],"author":[{"embeddable":true,"href":"https:\/\/www.rgaistanbul.com\/ru\/wp-json\/wp\/v2\/users\/1"}],"replies":[{"embeddable":true,"href":"https:\/\/www.rgaistanbul.com\/ru\/wp-json\/wp\/v2\/comments?post=1866"}],"version-history":[{"count":2,"href":"https:\/\/www.rgaistanbul.com\/ru\/wp-json\/wp\/v2\/pages\/1866\/revisions"}],"predecessor-version":[{"id":1868,"href":"https:\/\/www.rgaistanbul.com\/ru\/wp-json\/wp\/v2\/pages\/1866\/revisions\/1868"}],"wp:attachment":[{"href":"https:\/\/www.rgaistanbul.com\/ru\/wp-json\/wp\/v2\/media?parent=1866"}],"curies":[{"name":"wp","href":"https:\/\/api.w.org\/{rel}","templated":true}]}}