{"id":1816,"date":"2020-06-04T13:13:41","date_gmt":"2020-06-04T10:13:41","guid":{"rendered":"https:\/\/www.rgaistanbul.com\/iletisim\/"},"modified":"2025-07-21T16:13:42","modified_gmt":"2025-07-21T13:13:42","slug":"%d0%ba%d0%be%d0%bc%d0%bc%d1%83%d0%bd%d0%b8%d0%ba%d0%b0%d1%86%d0%b8%d1%8f","status":"publish","type":"page","link":"https:\/\/www.rgaistanbul.com\/ru\/%d0%ba%d0%be%d0%bc%d0%bc%d1%83%d0%bd%d0%b8%d0%ba%d0%b0%d1%86%d0%b8%d1%8f\/","title":{"rendered":"\u041a\u043e\u043c\u043c\u0443\u043d\u0438\u043a\u0430\u0446\u0438\u044f"},"content":{"rendered":"<p>[vc_row css_animation=&#187;&#187; row_type=&#187;row&#187; use_row_as_full_screen_section=&#187;no&#187; type=&#187;grid&#187; angled_section=&#187;no&#187; text_align=&#187;left&#187; background_image_as_pattern=&#187;without_pattern&#187; z_index=&#187;&#187;][vc_column][vc_empty_space height=&#187;10px&#187;][vc_text_separator title=&#187;<\/p>\n<h2>\u041a\u043e\u043c\u043c\u0443\u043d\u0438\u043a\u0430\u0446\u0438\u044f<\/h2>\n<p>&#187; border=&#187;no&#187; background_color=&#187;#d5000d&#187; title_color=&#187;#f4f4f4&#8243;][vc_empty_space height=&#187;100px&#187;][vc_row_inner row_type=&#187;row&#187; type=&#187;grid&#187; text_align=&#187;left&#187; css_animation=&#187;&#187;][vc_column_inner width=&#187;1\/2&#8243; css=&#187;.vc_custom_1652372402654{background-color: rgba(0,0,0,0.01) !important;*background-color: rgb(0,0,0) !important;}&#187;]<div class='q_icon_with_title medium normal_icon '><div class=\"icon_holder \" style=\" \"><span data-icon-type=\"normal\"   style=\"\" class=\"qode_iwt_icon_holder q_font_awsome_icon fa-3x  \"><i class=\"qode_icon_font_awesome fa fa-map-marker qode_iwt_icon_element\" style=\"color: #ffffff;\" ><\/i><\/span><\/div><div class=\"icon_text_holder\" style=\"\"><div class=\"icon_text_inner\" style=\"\"><h6 class=\"icon_title\" style=\"color: #ffffff;\">\u0410\u0414\u0420\u0415\u0421 \/ \u0428\u0422\u0410\u0411-\u041a\u0412\u0410\u0420\u0422\u0418\u0420\u0410<\/h6><p style='color: #ffffff'>Etiler, Tepecik Yolu No:86, 34337 Be\u015fikta\u015f, \u0130stanbul, T\u00fcrkiye<\/p><a itemprop='url' class='icon_with_title_link' href='https:\/\/www.google.com\/maps\/place\/Roger+Gracie+Jiu+Jitsu+Istanbul\/@41.0875828,29.0306938,17z\/data=!3m1!4b1!4m5!3m4!1s0x0:0xe3627164d804f2ba!8m2!3d41.0875828!4d29.0328825' target='_blank' style='color: #d7ea00;'>\u041f\u043e\u043b\u0443\u0447\u0438\u0442\u044c \u043d\u0430\u043f\u0440\u0430\u0432\u043b\u0435\u043d\u0438\u044f<\/a><\/div><\/div><\/div>[vc_separator type=&#187;normal&#187; color=&#187;#e8e8e8&#8243; thickness=&#187;1&#8243; up=&#187;25&#8243; down=&#187;25&#8243;]<div class='q_icon_with_title medium normal_icon '><div class=\"icon_holder \" style=\" \"><span data-icon-type=\"normal\"   style=\"\" class=\"qode_iwt_icon_holder q_font_awsome_icon fa-3x  \"><i class=\"qode_icon_font_awesome fa fa-phone qode_iwt_icon_element\" style=\"color: #ffffff;\" ><\/i><\/span><\/div><div class=\"icon_text_holder\" style=\"\"><div class=\"icon_text_inner\" style=\"\"><h6 class=\"icon_title\" style=\"color: #ffffff;\">\u0422\u0415\u041b\u0415\u0424\u041e\u041d<\/h6><p style='color: #ffffff'>90 534 786 70 90<\/p><a itemprop='url' class='icon_with_title_link' href='tel: 905347867090' target='_blank' style='color: #d7ea00;'>\u041f\u043e\u0437\u0432\u043e\u043d\u0438 \u043c\u043d\u0435 \u0441\u0435\u0439\u0447\u0430\u0441<\/a><\/div><\/div><\/div>[vc_separator type=&#187;normal&#187; color=&#187;#e8e8e8&#8243; thickness=&#187;1&#8243; up=&#187;25&#8243; down=&#187;25&#8243;]<div class='q_icon_with_title medium normal_icon '><div class=\"icon_holder \" style=\" \"><span data-icon-type=\"normal\"   style=\"\" class=\"qode_iwt_icon_holder q_font_awsome_icon fa-3x  \"><i class=\"qode_icon_font_awesome fa fa-whatsapp qode_iwt_icon_element\" style=\"color: #ffffff;\" ><\/i><\/span><\/div><div class=\"icon_text_holder\" style=\"\"><div class=\"icon_text_inner\" style=\"\"><h6 class=\"icon_title\" style=\"color: #ffffff;\">WHATSAPP<\/h6><p style='color: #ffffff'>90 534 786 70 90<\/p><a itemprop='url' class='icon_with_title_link' href='https:\/\/wa.me\/905347867090' target='_blank' style='color: #d7ea00;'>\u0417\u0430\u0434\u0430\u0442\u044c \u043e\u043d\u043b\u0430\u0439\u043d \u0432\u043e\u043f\u0440\u043e\u0441<\/a><\/div><\/div><\/div>[vc_separator type=&#187;normal&#187; color=&#187;#e8e8e8&#8243; thickness=&#187;1&#8243; up=&#187;25&#8243; down=&#187;25&#8243;]<div class='q_icon_with_title medium normal_icon '><div class=\"icon_holder \" style=\" \"><span data-icon-type=\"normal\"   style=\"\" class=\"qode_iwt_icon_holder q_font_awsome_icon fa-3x  \"><i class=\"qode_icon_font_awesome fa fa-hashtag qode_iwt_icon_element\" style=\"color: #ffffff;\" ><\/i><\/span><\/div><div class=\"icon_text_holder\" style=\"\"><div class=\"icon_text_inner\" style=\"\"><h6 class=\"icon_title\" style=\"color: #ffffff;\">\u0412 \u0421\u041e\u0426\u0418\u0410\u041b\u042c\u041d\u042b\u0425 \u0421\u0415\u0422\u042f\u0425<\/h6><p style='color: #d7ea00'>\u0421\u043b\u0435\u0434\u043e\u0432\u0430\u0442\u044c<\/p><\/div><\/div><\/div><span class='q_social_icon_holder circle_social' data-color=#ffffff data-hover-background-color=#d5000d data-hover-border-color=#ffffff data-hover-color=#ffffff><a itemprop='url' href='https:\/\/www.instagram.com\/rogergracieistanbul\/' target='_blank'><span class='fa-stack fa-lg' style='background-color: rgba(0,0,0,0.1);border-color: #ffffff;border-width: 1px;'><i class=\"qode_icon_font_awesome fa fa-instagram \" style=\"color: #ffffff;\" ><\/i><\/span><\/a><\/span><span class='q_social_icon_holder circle_social' data-color=#ffffff data-hover-background-color=#d5000d data-hover-border-color=#ffffff ><a itemprop='url' href='https:\/\/www.youtube.com\/channel\/UCxuzqQwD7hvcPihdOYya6vw' target='_blank'><span class='fa-stack fa-lg' style='background-color: rgba(0,0,0,0.09);border-color: #ffffff;border-width: 1px;'><i class=\"qode_icon_font_awesome fa fa-youtube \" style=\"color: #ffffff;\" ><\/i><\/span><\/a><\/span><span class='q_social_icon_holder circle_social' data-color=#ffffff data-hover-background-color=#d5000d data-hover-border-color=#ffffff ><a itemprop='url' href='https:\/\/www.facebook.com\/rogergracieistanbul' target='_blank'><span class='fa-stack fa-lg' style='background-color: rgba(0,0,0,0.1);border-color: #ffffff;border-width: 1px;'><i class=\"qode_icon_font_awesome fa fa-facebook \" style=\"color: #ffffff;\" ><\/i><\/span><\/a><\/span>[vc_empty_space][\/vc_column_inner][vc_column_inner width=&#187;1\/2&#8243; css=&#187;.vc_custom_1648746004814{border-top-width: 1px !important;border-right-width: 1px !important;border-bottom-width: 1px !important;border-left-width: 1px !important;background-color: rgba(10,10,10,0.7) !important;*background-color: rgb(10,10,10) !important;border-left-color: #636363 !important;border-left-style: solid !important;border-right-color: #636363 !important;border-right-style: solid !important;border-top-color: #636363 !important;border-top-style: solid !important;border-bottom-color: #636363 !important;border-bottom-style: solid !important;border-radius: 15px !important;}&#187;]<div class='q_icon_with_title medium normal_icon '><div class=\"icon_holder \" style=\" \"><span data-icon-type=\"normal\"   style=\"\" class=\"qode_iwt_icon_holder q_font_awsome_icon fa-3x  \"><i class=\"qode_icon_font_awesome fa fa-envelope qode_iwt_icon_element\" style=\"color: #ffffff;\" ><\/i><\/span><\/div><div class=\"icon_text_holder\" style=\"\"><div class=\"icon_text_inner\" style=\"\"><h6 class=\"icon_title\" style=\"\">\u041a\u043e\u043d\u0442\u0430\u043a\u0442\u043d\u0430\u044f \u0444\u043e\u0440\u043c\u0430 \u0438 \u0444\u043e\u0440\u043c\u0430 \u0437\u0430\u043f\u0440\u043e\u0441\u0430<\/h6><p style='color: #ffffff'>\u041f\u043e\u0436\u0430\u043b\u0443\u0439\u0441\u0442\u0430, \u0437\u0430\u043f\u043e\u043b\u043d\u0438\u0442\u0435 \u0438 \u043e\u0442\u043f\u0440\u0430\u0432\u044c\u0442\u0435!<\/p><\/div><\/div><\/div>[vc_separator type=&#187;normal&#187; color=&#187;#e8e8e8&#8243; thickness=&#187;1&#8243; up=&#187;25&#8243; down=&#187;25&#8243;]<div role=\"form\" class=\"wpcf7\" id=\"wpcf7-f1791-o1\" lang=\"ru-RU\" dir=\"ltr\">\n<div class=\"screen-reader-response\"><p role=\"status\" aria-live=\"polite\" aria-atomic=\"true\"><\/p> <ul><\/ul><\/div>\n<form action=\"\/ru\/wp-json\/wp\/v2\/pages\/1816#wpcf7-f1791-o1\" method=\"post\" class=\"wpcf7-form init cf7_custom_style_1\" novalidate=\"novalidate\" data-status=\"init\">\n<div style=\"display: none;\">\n<input type=\"hidden\" name=\"_wpcf7\" value=\"1791\" \/>\n<input type=\"hidden\" name=\"_wpcf7_version\" value=\"5.6\" \/>\n<input type=\"hidden\" name=\"_wpcf7_locale\" value=\"ru_RU\" \/>\n<input type=\"hidden\" name=\"_wpcf7_unit_tag\" value=\"wpcf7-f1791-o1\" \/>\n<input type=\"hidden\" name=\"_wpcf7_container_post\" value=\"0\" \/>\n<input type=\"hidden\" name=\"_wpcf7_posted_data_hash\" value=\"\" \/>\n<\/div>\n<span class=\"wpcf7-form-control-wrap\" data-name=\"ad\"><input type=\"text\" name=\"ad\" value=\"\" size=\"40\" class=\"wpcf7-form-control wpcf7-text wpcf7-validates-as-required\" aria-required=\"true\" aria-invalid=\"false\" placeholder=\"\u0412\u0430\u0448\u0435 \u0438\u043c\u044f \u0438 \u0444\u0430\u043c\u0438\u043b\u0438\u044f\" \/><\/span>\n<span class=\"wpcf7-form-control-wrap\" data-name=\"tel\"><input type=\"tel\" name=\"tel\" value=\"\" size=\"40\" class=\"wpcf7-form-control wpcf7-text wpcf7-tel wpcf7-validates-as-required wpcf7-validates-as-tel\" aria-required=\"true\" aria-invalid=\"false\" placeholder=\"\u0412\u0430\u0448 \u043d\u043e\u043c\u0435\u0440 \u0442\u0435\u043b\u0435\u0444\u043e\u043d\u0430\" \/><\/span>\n<span class=\"wpcf7-form-control-wrap\" data-name=\"email\"><input type=\"email\" name=\"email\" value=\"\" size=\"40\" class=\"wpcf7-form-control wpcf7-text wpcf7-email wpcf7-validates-as-required wpcf7-validates-as-email\" aria-required=\"true\" aria-invalid=\"false\" placeholder=\"\u0410\u0434\u0440\u0435\u0441 \u044d\u043b\u0435\u043a\u0442\u0440\u043e\u043d\u043d\u043e\u0439 \u043f\u043e\u0447\u0442\u044b\" \/><\/span>\n<span class=\"wpcf7-form-control-wrap\" data-name=\"neler-var\"><select name=\"neler-var\" class=\"wpcf7-form-control wpcf7-select wpcf7-validates-as-required\" aria-required=\"true\" aria-invalid=\"false\"><option value=\"\u041f\u0440\u0435\u0434\u043c\u0435\u0442\">\u041f\u0440\u0435\u0434\u043c\u0435\u0442<\/option><option value=\"\u044f \u0445\u043e\u0447\u0443 \u0431\u044b\u0442\u044c \u0447\u043b\u0435\u043d\u043e\u043c\">\u044f \u0445\u043e\u0447\u0443 \u0431\u044b\u0442\u044c \u0447\u043b\u0435\u043d\u043e\u043c<\/option><option value=\"\u042f \u0445\u043e\u0447\u0443 \u043f\u043e\u043b\u0443\u0447\u0430\u0442\u044c \u0438\u043d\u0444\u043e\u0440\u043c\u0430\u0446\u0438\u044e \u043e \u043c\u0435\u0440\u043e\u043f\u0440\u0438\u044f\u0442\u0438\u044f\u0445\">\u042f \u0445\u043e\u0447\u0443 \u043f\u043e\u043b\u0443\u0447\u0430\u0442\u044c \u0438\u043d\u0444\u043e\u0440\u043c\u0430\u0446\u0438\u044e \u043e \u043c\u0435\u0440\u043e\u043f\u0440\u0438\u044f\u0442\u0438\u044f\u0445<\/option><option value=\"\u0423 \u043c\u0435\u043d\u044f \u0435\u0441\u0442\u044c \u043f\u0440\u0435\u0434\u043b\u043e\u0436\u0435\u043d\u0438\u0435 \u0438\u043b\u0438 \u0436\u0430\u043b\u043e\u0431\u0430\">\u0423 \u043c\u0435\u043d\u044f \u0435\u0441\u0442\u044c \u043f\u0440\u0435\u0434\u043b\u043e\u0436\u0435\u043d\u0438\u0435 \u0438\u043b\u0438 \u0436\u0430\u043b\u043e\u0431\u0430<\/option><option value=\"\u0414\u0440\u0443\u0433\u043e\u0439\">\u0414\u0440\u0443\u0433\u043e\u0439<\/option><\/select><\/span>\n<span class=\"wpcf7-form-control-wrap\" data-name=\"ekmesaj\"><input type=\"text\" name=\"ekmesaj\" value=\"\" size=\"40\" class=\"wpcf7-form-control wpcf7-text wpcf7-validates-as-required\" aria-required=\"true\" aria-invalid=\"false\" placeholder=\"\u0412\u0430\u0448\u0435 \u0441\u043e\u043e\u0431\u0449\u0435\u043d\u0438\u0435 - \u0427\u0435\u043c \u043c\u044b \u043c\u043e\u0436\u0435\u043c \u0432\u0430\u043c \u043f\u043e\u043c\u043e\u0447\u044c?\" \/><\/span>\n<input type=\"submit\" value=\"\u041f\u0420\u0415\u0414\u0421\u0422\u0410\u0412\u0418\u0422\u042c \u0424\u041e\u0420\u041c\u0423\" class=\"wpcf7-form-control has-spinner wpcf7-submit\" \/><div class=\"wpcf7-response-output\" aria-hidden=\"true\"><\/div><\/form><\/div>[\/vc_column_inner][\/vc_row_inner][\/vc_column][\/vc_row][vc_row css_animation=&#187;&#187; row_type=&#187;row&#187; use_row_as_full_screen_section=&#187;no&#187; type=&#187;full_width&#187; angled_section=&#187;no&#187; text_align=&#187;left&#187; background_image_as_pattern=&#187;without_pattern&#187;][vc_column][vc_empty_space height=&#187;80px&#187;]<div class='google_map_shortcode_holder' style='height:450px;'><div class='qode_google_map' style='height:450px;' id='map_canvas_13857' data-addresses='[\"Etiler, Tepecik Yolu No:86, 34337 Be\u015fikta\u015f\/\u0130stanbul\"]' data-custom-map-style='true' data-color-overlay='#393939' data-saturation='-100' data-lightness='0' data-zoom='18' data-pin='https:\/\/www.rgaistanbul.com\/wp-content\/uploads\/2022\/03\/rga-map-pin.png' data-unique-id='13857' data-google-maps-scroll-wheel='true' data-snazzy-map-style='no' data-map-height='450'><\/div><\/div>[\/vc_column][\/vc_row]<\/p>\n","protected":false},"excerpt":{"rendered":"<p>[vc_row css_animation=&#187;&#187; row_type=&#187;row&#187; use_row_as_full_screen_section=&#187;no&#187; type=&#187;grid&#187; angled_section=&#187;no&#187; text_align=&#187;left&#187; background_image_as_pattern=&#187;without_pattern&#187; z_index=&#187;&#187;][vc_column][vc_empty_space height=&#187;10px&#187;][vc_text_separator title=&#187; \u041a\u043e\u043c\u043c\u0443\u043d\u0438\u043a\u0430\u0446\u0438\u044f &#187; border=&#187;no&#187; background_color=&#187;#d5000d&#187; title_color=&#187;#f4f4f4&#8243;][vc_empty_space height=&#187;100px&#187;][vc_row_inner row_type=&#187;row&#187; type=&#187;grid&#187; text_align=&#187;left&#187; css_animation=&#187;&#187;][vc_column_inner width=&#187;1\/2&#8243; css=&#187;.vc_custom_1652372402654{background-color: rgba(0,0,0,0.01) !important;*background-color: rgb(0,0,0) !important;}&#187;][vc_separator type=&#187;normal&#187; color=&#187;#e8e8e8&#8243; thickness=&#187;1&#8243; up=&#187;25&#8243; down=&#187;25&#8243;][vc_separator type=&#187;normal&#187; color=&#187;#e8e8e8&#8243; thickness=&#187;1&#8243; up=&#187;25&#8243; down=&#187;25&#8243;][vc_separator type=&#187;normal&#187; color=&#187;#e8e8e8&#8243; thickness=&#187;1&#8243; up=&#187;25&#8243; down=&#187;25&#8243;][vc_empty_space][\/vc_column_inner][vc_column_inner width=&#187;1\/2&#8243; css=&#187;.vc_custom_1648746004814{border-top-width: 1px&#8230;<\/p>\n","protected":false},"author":1,"featured_media":0,"parent":0,"menu_order":0,"comment_status":"closed","ping_status":"closed","template":"full_width.php","meta":[],"_links":{"self":[{"href":"https:\/\/www.rgaistanbul.com\/ru\/wp-json\/wp\/v2\/pages\/1816"}],"collection":[{"href":"https:\/\/www.rgaistanbul.com\/ru\/wp-json\/wp\/v2\/pages"}],"about":[{"href":"https:\/\/www.rgaistanbul.com\/ru\/wp-json\/wp\/v2\/types\/page"}],"author":[{"embeddable":true,"href":"https:\/\/www.rgaistanbul.com\/ru\/wp-json\/wp\/v2\/users\/1"}],"replies":[{"embeddable":true,"href":"https:\/\/www.rgaistanbul.com\/ru\/wp-json\/wp\/v2\/comments?post=1816"}],"version-history":[{"count":5,"href":"https:\/\/www.rgaistanbul.com\/ru\/wp-json\/wp\/v2\/pages\/1816\/revisions"}],"predecessor-version":[{"id":2113,"href":"https:\/\/www.rgaistanbul.com\/ru\/wp-json\/wp\/v2\/pages\/1816\/revisions\/2113"}],"wp:attachment":[{"href":"https:\/\/www.rgaistanbul.com\/ru\/wp-json\/wp\/v2\/media?parent=1816"}],"curies":[{"name":"wp","href":"https:\/\/api.w.org\/{rel}","templated":true}]}}